{"id":18,"date":"2026-02-13T14:39:33","date_gmt":"2026-02-13T14:39:33","guid":{"rendered":"https:\/\/studiolecorpspensant.fr\/?page_id=18"},"modified":"2026-02-21T15:13:19","modified_gmt":"2026-02-21T15:13:19","slug":"accueil","status":"publish","type":"page","link":"https:\/\/studiolecorpspensant.fr\/","title":{"rendered":"Accueil"},"content":{"rendered":"\t\t<div data-elementor-type=\"wp-page\" data-elementor-id=\"18\" class=\"elementor elementor-18\" data-elementor-post-type=\"page\">\n\t\t\t\t<div class=\"elementor-element elementor-element-1a34dcd e-con-full e-flex e-con e-parent\" data-id=\"1a34dcd\" data-element_type=\"container\" data-e-type=\"container\" data-settings=\"{&quot;background_background&quot;:&quot;video&quot;,&quot;background_video_link&quot;:&quot;https:\\\/\\\/vimeo.com\\\/1163008378&quot;}\">\n\t\t<div class=\"elementor-background-video-container elementor-hidden-mobile\">\n\t\t\t\t\t\t\t<div class=\"elementor-background-video-embed\" role=\"presentation\"><\/div>\n\t\t\t\t\t\t<\/div><div class=\"elementor-element elementor-element-47b2420 e-con-full e-flex e-con e-child\" data-id=\"47b2420\" data-element_type=\"container\" data-e-type=\"container\">\n\t\t\t\t<div class=\"elementor-element elementor-element-a9f13d9 elementor-widget elementor-widget-theme-site-logo elementor-widget-image\" data-id=\"a9f13d9\" data-element_type=\"widget\" data-e-type=\"widget\" data-widget_type=\"theme-site-logo.default\">\n\t\t\t\t\t\t\t\t\t\t\t<a href=\"https:\/\/studiolecorpspensant.fr\">\n\t\t\t<img fetchpriority=\"high\" decoding=\"async\" width=\"884\" height=\"1250\" src=\"https:\/\/studiolecorpspensant.fr\/wp-content\/uploads\/2026\/02\/Studio-Le-Corps-Pensant-1.png\" class=\"attachment-full size-full wp-image-24\" alt=\"logo studio le corps pensant\" srcset=\"https:\/\/studiolecorpspensant.fr\/wp-content\/uploads\/2026\/02\/Studio-Le-Corps-Pensant-1.png 884w, https:\/\/studiolecorpspensant.fr\/wp-content\/uploads\/2026\/02\/Studio-Le-Corps-Pensant-1-212x300.png 212w, https:\/\/studiolecorpspensant.fr\/wp-content\/uploads\/2026\/02\/Studio-Le-Corps-Pensant-1-724x1024.png 724w, https:\/\/studiolecorpspensant.fr\/wp-content\/uploads\/2026\/02\/Studio-Le-Corps-Pensant-1-768x1086.png 768w\" sizes=\"(max-width: 884px) 100vw, 884px\" \/>\t\t\t\t<\/a>\n\t\t\t\t\t\t\t\t\t\t\t<\/div>\n\t\t\t\t<\/div>\n\t\t<div class=\"elementor-element elementor-element-2d5a9ff e-con-full e-flex e-con e-child\" data-id=\"2d5a9ff\" data-element_type=\"container\" data-e-type=\"container\">\n\t\t\t\t<\/div>\n\t\t\t\t<\/div>\n\t\t<div class=\"elementor-element elementor-element-30c85b0 e-con-full e-flex elementor-invisible e-con e-parent\" data-id=\"30c85b0\" data-element_type=\"container\" data-e-type=\"container\" data-settings=\"{&quot;background_background&quot;:&quot;video&quot;,&quot;background_video_link&quot;:&quot;https:\\\/\\\/www.youtube.com\\\/watch?v=oSmUI3m2kLk&amp;list=RDoSmUI3m2kLk&amp;start_radio=1&quot;,&quot;background_video_start&quot;:46,&quot;shape_divider_top&quot;:&quot;mountains&quot;,&quot;animation&quot;:&quot;zoomIn&quot;,&quot;shape_divider_bottom&quot;:&quot;mountains&quot;}\">\n\t\t<div class=\"elementor-background-video-container elementor-hidden-mobile\">\n\t\t\t\t\t\t\t<div class=\"elementor-background-video-embed\" role=\"presentation\"><\/div>\n\t\t\t\t\t\t<\/div>\t\t<div class=\"elementor-shape elementor-shape-top\" aria-hidden=\"true\" data-negative=\"false\">\n\t\t\t<svg xmlns=\"http:\/\/www.w3.org\/2000\/svg\" viewBox=\"0 0 1000 100\" preserveAspectRatio=\"none\">\n\t<path class=\"elementor-shape-fill\" opacity=\"0.33\" d=\"M473,67.3c-203.9,88.3-263.1-34-320.3,0C66,119.1,0,59.7,0,59.7V0h1000v59.7 c0,0-62.1,26.1-94.9,29.3c-32.8,3.3-62.8-12.3-75.8-22.1C806,49.6,745.3,8.7,694.9,4.7S492.4,59,473,67.3z\"\/>\n\t<path class=\"elementor-shape-fill\" opacity=\"0.66\" d=\"M734,67.3c-45.5,0-77.2-23.2-129.1-39.1c-28.6-8.7-150.3-10.1-254,39.1 s-91.7-34.4-149.2,0C115.7,118.3,0,39.8,0,39.8V0h1000v36.5c0,0-28.2-18.5-92.1-18.5C810.2,18.1,775.7,67.3,734,67.3z\"\/>\n\t<path class=\"elementor-shape-fill\" d=\"M766.1,28.9c-200-57.5-266,65.5-395.1,19.5C242,1.8,242,5.4,184.8,20.6C128,35.8,132.3,44.9,89.9,52.5C28.6,63.7,0,0,0,0 h1000c0,0-9.9,40.9-83.6,48.1S829.6,47,766.1,28.9z\"\/>\n<\/svg>\t\t<\/div>\n\t\t\t\t<div class=\"elementor-shape elementor-shape-bottom\" aria-hidden=\"true\" data-negative=\"false\">\n\t\t\t<svg xmlns=\"http:\/\/www.w3.org\/2000\/svg\" viewBox=\"0 0 1000 100\" preserveAspectRatio=\"none\">\n\t<path class=\"elementor-shape-fill\" opacity=\"0.33\" d=\"M473,67.3c-203.9,88.3-263.1-34-320.3,0C66,119.1,0,59.7,0,59.7V0h1000v59.7 c0,0-62.1,26.1-94.9,29.3c-32.8,3.3-62.8-12.3-75.8-22.1C806,49.6,745.3,8.7,694.9,4.7S492.4,59,473,67.3z\"\/>\n\t<path class=\"elementor-shape-fill\" opacity=\"0.66\" d=\"M734,67.3c-45.5,0-77.2-23.2-129.1-39.1c-28.6-8.7-150.3-10.1-254,39.1 s-91.7-34.4-149.2,0C115.7,118.3,0,39.8,0,39.8V0h1000v36.5c0,0-28.2-18.5-92.1-18.5C810.2,18.1,775.7,67.3,734,67.3z\"\/>\n\t<path class=\"elementor-shape-fill\" d=\"M766.1,28.9c-200-57.5-266,65.5-395.1,19.5C242,1.8,242,5.4,184.8,20.6C128,35.8,132.3,44.9,89.9,52.5C28.6,63.7,0,0,0,0 h1000c0,0-9.9,40.9-83.6,48.1S829.6,47,766.1,28.9z\"\/>\n<\/svg>\t\t<\/div>\n\t\t\t\t<div class=\"elementor-element elementor-element-993263c elementor-widget elementor-widget-heading\" data-id=\"993263c\" data-element_type=\"widget\" data-e-type=\"widget\" data-widget_type=\"heading.default\">\n\t\t\t\t\t<h1 class=\"elementor-heading-title elementor-size-default\">Studio Le corps pensant<\/h1>\t\t\t\t<\/div>\n\t\t\t\t<div class=\"elementor-element elementor-element-34453d9 elementor-widget-divider--view-line_icon elementor-view-default elementor-widget-divider--element-align-center elementor-widget elementor-widget-divider\" data-id=\"34453d9\" data-element_type=\"widget\" data-e-type=\"widget\" data-widget_type=\"divider.default\">\n\t\t\t\t\t\t\t<div class=\"elementor-divider\">\n\t\t\t<span class=\"elementor-divider-separator\">\n\t\t\t\t\t\t\t<div class=\"elementor-icon elementor-divider__element\">\n\t\t\t\t\t<svg aria-hidden=\"true\" class=\"e-font-icon-svg e-far-heart\" viewBox=\"0 0 512 512\" xmlns=\"http:\/\/www.w3.org\/2000\/svg\"><path d=\"M458.4 64.3C400.6 15.7 311.3 23 256 79.3 200.7 23 111.4 15.6 53.6 64.3-21.6 127.6-10.6 230.8 43 285.5l175.4 178.7c10 10.2 23.4 15.9 37.6 15.9 14.3 0 27.6-5.6 37.6-15.8L469 285.6c53.5-54.7 64.7-157.9-10.6-221.3zm-23.6 187.5L259.4 430.5c-2.4 2.4-4.4 2.4-6.8 0L77.2 251.8c-36.5-37.2-43.9-107.6 7.3-150.7 38.9-32.7 98.9-27.8 136.5 10.5l35 35.7 35-35.7c37.8-38.5 97.8-43.2 136.5-10.6 51.1 43.1 43.5 113.9 7.3 150.8z\"><\/path><\/svg><\/div>\n\t\t\t\t\t\t<\/span>\n\t\t<\/div>\n\t\t\t\t\t\t<\/div>\n\t\t\t\t<div class=\"elementor-element elementor-element-83a8e00 elementor-widget elementor-widget-heading\" data-id=\"83a8e00\" data-element_type=\"widget\" data-e-type=\"widget\" data-widget_type=\"heading.default\">\n\t\t\t\t\t<h2 class=\"elementor-heading-title elementor-size-default\">\u00c9cole de yoga et de yoga a\u00e9rien<\/h2>\t\t\t\t<\/div>\n\t\t\t\t<\/div>\n\t\t<div class=\"elementor-element elementor-element-88bbbec e-con-full e-flex e-con e-parent\" data-id=\"88bbbec\" data-element_type=\"container\" data-e-type=\"container\" data-settings=\"{&quot;background_background&quot;:&quot;classic&quot;}\">\n\t\t<div class=\"elementor-element elementor-element-8cb98ed e-con-full e-flex e-con e-child\" data-id=\"8cb98ed\" data-element_type=\"container\" data-e-type=\"container\">\n\t\t\t\t<div class=\"elementor-element elementor-element-6cec755 elementor-widget elementor-widget-image\" data-id=\"6cec755\" data-element_type=\"widget\" data-e-type=\"widget\" data-widget_type=\"image.default\">\n\t\t\t\t\t\t\t\t\t\t\t\t\t\t\t<img decoding=\"async\" width=\"724\" height=\"1024\" src=\"https:\/\/studiolecorpspensant.fr\/wp-content\/uploads\/2026\/02\/Studio-Le-Corps-Pensant-1-1-724x1024.png\" class=\"attachment-large size-large wp-image-51\" alt=\"\" srcset=\"https:\/\/studiolecorpspensant.fr\/wp-content\/uploads\/2026\/02\/Studio-Le-Corps-Pensant-1-1-724x1024.png 724w, https:\/\/studiolecorpspensant.fr\/wp-content\/uploads\/2026\/02\/Studio-Le-Corps-Pensant-1-1-212x300.png 212w, https:\/\/studiolecorpspensant.fr\/wp-content\/uploads\/2026\/02\/Studio-Le-Corps-Pensant-1-1-768x1086.png 768w, https:\/\/studiolecorpspensant.fr\/wp-content\/uploads\/2026\/02\/Studio-Le-Corps-Pensant-1-1-1086x1536.png 1086w, https:\/\/studiolecorpspensant.fr\/wp-content\/uploads\/2026\/02\/Studio-Le-Corps-Pensant-1-1.png 1414w\" sizes=\"(max-width: 724px) 100vw, 724px\" \/>\t\t\t\t\t\t\t\t\t\t\t\t\t\t\t<\/div>\n\t\t\t\t<\/div>\n\t\t<div class=\"elementor-element elementor-element-16f7d3a e-con-full e-flex e-con e-child\" data-id=\"16f7d3a\" data-element_type=\"container\" data-e-type=\"container\">\n\t\t\t\t<div class=\"elementor-element elementor-element-52f1426 elementor-widget elementor-widget-heading\" data-id=\"52f1426\" data-element_type=\"widget\" data-e-type=\"widget\" data-widget_type=\"heading.default\">\n\t\t\t\t\t<h2 class=\"elementor-heading-title elementor-size-default\">Pr\u00e9sentation de l'\u00e9cole<\/h2>\t\t\t\t<\/div>\n\t\t\t\t<div class=\"elementor-element elementor-element-b01749e elementor-widget elementor-widget-text-editor\" data-id=\"b01749e\" data-element_type=\"widget\" data-e-type=\"widget\" data-widget_type=\"text-editor.default\">\n\t\t\t\t\t\t\t\t\t<p>J\u2019ai cr\u00e9\u00e9 le Studio Le Corps Pensant pour celles et ceux qui se sont d\u00e9j\u00e0 dit : \u00ab le yoga, ce n\u2019est pas pour moi \u00bb.<\/p><p><br data-start=\"115\" data-end=\"118\" \/>Mon approche n\u2019est ni \u00e9sot\u00e9rique ni d\u00e9connect\u00e9e du r\u00e9el : je propose un yoga clair, structur\u00e9, ancr\u00e9 dans le fonctionnement du corps et du syst\u00e8me nerveux.<\/p><p><br data-start=\"273\" data-end=\"276\" \/>Psychologue de m\u00e9tier, ma vision int\u00e9grative du corps et du psychisme m\u2019a pouss\u00e9 \u00e0 vouloir apprendre et transmettre mes comp\u00e9tences diff\u00e9remment : par le mouvement.<br data-start=\"448\" data-end=\"451\" \/>J\u2019y apporte ma compr\u00e9hension fine du corps pour la rendre accessible et vous aider \u00e0 vous le r\u00e9approprier avec intelligence. Mon intention est de favoriser une v\u00e9ritable r\u00e9conciliation corporelle : comprendre ce que l\u2019on fait, sentir ce qui se passe, bouger sans se contraindre, pour d\u00e9velopper un corps plus coh\u00e9rent et durablement en sant\u00e9.<\/p>\t\t\t\t\t\t\t\t<\/div>\n\t\t\t\t<\/div>\n\t\t<div class=\"elementor-element elementor-element-b2f5ed1 e-con-full e-flex e-con e-child\" data-id=\"b2f5ed1\" data-element_type=\"container\" data-e-type=\"container\">\n\t\t\t\t<div class=\"elementor-element elementor-element-02a43ee elementor-widget elementor-widget-image\" data-id=\"02a43ee\" data-element_type=\"widget\" data-e-type=\"widget\" data-widget_type=\"image.default\">\n\t\t\t\t\t\t\t\t\t\t\t\t\t\t\t<img decoding=\"async\" width=\"724\" height=\"1024\" src=\"https:\/\/studiolecorpspensant.fr\/wp-content\/uploads\/2026\/02\/Studio-Le-Corps-Pensant-2-724x1024.png\" class=\"attachment-large size-large wp-image-50\" alt=\"\" srcset=\"https:\/\/studiolecorpspensant.fr\/wp-content\/uploads\/2026\/02\/Studio-Le-Corps-Pensant-2-724x1024.png 724w, https:\/\/studiolecorpspensant.fr\/wp-content\/uploads\/2026\/02\/Studio-Le-Corps-Pensant-2-212x300.png 212w, https:\/\/studiolecorpspensant.fr\/wp-content\/uploads\/2026\/02\/Studio-Le-Corps-Pensant-2-768x1086.png 768w, https:\/\/studiolecorpspensant.fr\/wp-content\/uploads\/2026\/02\/Studio-Le-Corps-Pensant-2-1086x1536.png 1086w, https:\/\/studiolecorpspensant.fr\/wp-content\/uploads\/2026\/02\/Studio-Le-Corps-Pensant-2.png 1414w\" sizes=\"(max-width: 724px) 100vw, 724px\" \/>\t\t\t\t\t\t\t\t\t\t\t\t\t\t\t<\/div>\n\t\t\t\t<\/div>\n\t\t\t\t<\/div>\n\t\t<div class=\"elementor-element elementor-element-a22b537 e-con-full e-flex e-con e-parent\" data-id=\"a22b537\" data-element_type=\"container\" data-e-type=\"container\" data-settings=\"{&quot;background_background&quot;:&quot;classic&quot;}\">\n\t\t\t\t<div class=\"elementor-element elementor-element-f764c23 elementor-blockquote--skin-quotation elementor-blockquote--align-center elementor-widget elementor-widget-blockquote\" data-id=\"f764c23\" data-element_type=\"widget\" data-e-type=\"widget\" data-widget_type=\"blockquote.default\">\n\t\t\t\t\t\t\t<blockquote class=\"elementor-blockquote\">\n\t\t\t<p class=\"elementor-blockquote__content\">\n\t\t\t\tLorem ipsum dolor sit amet, consectetur adipiscing elit. Ut elit tellus, luctus nec ullamcorper mattis, pulvinar dapibus leo.Lorem ipsum dolor sit amet consectetur adipiscing elit dolor\t\t\t<\/p>\n\t\t\t\t\t\t\t<div class=\"e-q-footer\">\n\t\t\t\t\t\t\t\t\t\t\t<cite class=\"elementor-blockquote__author\">John Doe<\/cite>\n\t\t\t\t\t\t\t\t\t\t\t\t\t\t<\/div>\n\t\t\t\t\t<\/blockquote>\n\t\t\t\t\t\t<\/div>\n\t\t\t\t<\/div>\n\t\t\t\t<\/div>\n\t\t","protected":false},"excerpt":{"rendered":"<p>Studio Le corps pensant \u00c9cole de yoga et de yoga a\u00e9rien Pr\u00e9sentation de l&rsquo;\u00e9cole J\u2019ai cr\u00e9\u00e9 le Studio Le Corps Pensant pour celles et ceux qui se sont d\u00e9j\u00e0 dit : \u00ab le yoga, ce n\u2019est pas pour moi \u00bb. Mon approche n\u2019est ni \u00e9sot\u00e9rique ni d\u00e9connect\u00e9e du r\u00e9el : je propose un yoga clair, [&hellip;]<\/p>\n","protected":false},"author":1,"featured_media":0,"parent":0,"menu_order":0,"comment_status":"closed","ping_status":"closed","template":"elementor_header_footer","meta":{"footnotes":""},"class_list":["post-18","page","type-page","status-publish","hentry"],"yoast_head":"<!-- This site is optimized with the Yoast SEO plugin v27.0 - https:\/\/yoast.com\/product\/yoast-seo-wordpress\/ -->\n<title>Accueil - Studio Le Corps Pensant<\/title>\n<meta name=\"robots\" content=\"index, follow, max-snippet:-1, max-image-preview:large, max-video-preview:-1\" \/>\n<link rel=\"canonical\" href=\"https:\/\/studiolecorpspensant.fr\/\" \/>\n<meta property=\"og:locale\" content=\"fr_FR\" \/>\n<meta property=\"og:type\" content=\"article\" \/>\n<meta property=\"og:title\" content=\"Accueil - Studio Le Corps Pensant\" \/>\n<meta property=\"og:description\" content=\"Studio Le corps pensant \u00c9cole de yoga et de yoga a\u00e9rien Pr\u00e9sentation de l&rsquo;\u00e9cole J\u2019ai cr\u00e9\u00e9 le Studio Le Corps Pensant pour celles et ceux qui se sont d\u00e9j\u00e0 dit : \u00ab le yoga, ce n\u2019est pas pour moi \u00bb. Mon approche n\u2019est ni \u00e9sot\u00e9rique ni d\u00e9connect\u00e9e du r\u00e9el : je propose un yoga clair, [&hellip;]\" \/>\n<meta property=\"og:url\" content=\"https:\/\/studiolecorpspensant.fr\/\" \/>\n<meta property=\"og:site_name\" content=\"Studio Le Corps Pensant\" \/>\n<meta property=\"article:modified_time\" content=\"2026-02-21T15:13:19+00:00\" \/>\n<meta property=\"og:image\" content=\"https:\/\/studiolecorpspensant.fr\/wp-content\/uploads\/2026\/02\/Studio-Le-Corps-Pensant-1-1-724x1024.png\" \/>\n<meta name=\"twitter:card\" content=\"summary_large_image\" \/>\n<meta name=\"twitter:label1\" content=\"Dur\u00e9e de lecture estim\u00e9e\" \/>\n\t<meta name=\"twitter:data1\" content=\"2 minutes\" \/>\n<script type=\"application\/ld+json\" class=\"yoast-schema-graph\">{\"@context\":\"https:\/\/schema.org\",\"@graph\":[{\"@type\":\"WebPage\",\"@id\":\"https:\/\/studiolecorpspensant.fr\/\",\"url\":\"https:\/\/studiolecorpspensant.fr\/\",\"name\":\"Accueil - Studio Le Corps Pensant\",\"isPartOf\":{\"@id\":\"https:\/\/studiolecorpspensant.fr\/#website\"},\"primaryImageOfPage\":{\"@id\":\"https:\/\/studiolecorpspensant.fr\/#primaryimage\"},\"image\":{\"@id\":\"https:\/\/studiolecorpspensant.fr\/#primaryimage\"},\"thumbnailUrl\":\"https:\/\/studiolecorpspensant.fr\/wp-content\/uploads\/2026\/02\/Studio-Le-Corps-Pensant-1-1-724x1024.png\",\"datePublished\":\"2026-02-13T14:39:33+00:00\",\"dateModified\":\"2026-02-21T15:13:19+00:00\",\"breadcrumb\":{\"@id\":\"https:\/\/studiolecorpspensant.fr\/#breadcrumb\"},\"inLanguage\":\"fr-FR\",\"potentialAction\":[{\"@type\":\"ReadAction\",\"target\":[\"https:\/\/studiolecorpspensant.fr\/\"]}]},{\"@type\":\"ImageObject\",\"inLanguage\":\"fr-FR\",\"@id\":\"https:\/\/studiolecorpspensant.fr\/#primaryimage\",\"url\":\"https:\/\/studiolecorpspensant.fr\/wp-content\/uploads\/2026\/02\/Studio-Le-Corps-Pensant-1-1.png\",\"contentUrl\":\"https:\/\/studiolecorpspensant.fr\/wp-content\/uploads\/2026\/02\/Studio-Le-Corps-Pensant-1-1.png\",\"width\":1414,\"height\":2000},{\"@type\":\"BreadcrumbList\",\"@id\":\"https:\/\/studiolecorpspensant.fr\/#breadcrumb\",\"itemListElement\":[{\"@type\":\"ListItem\",\"position\":1,\"name\":\"Accueil\",\"item\":\"https:\/\/studiolecorpspensant.fr\/\"},{\"@type\":\"ListItem\",\"position\":2,\"name\":\"Accueil\"}]},{\"@type\":\"WebSite\",\"@id\":\"https:\/\/studiolecorpspensant.fr\/#website\",\"url\":\"https:\/\/studiolecorpspensant.fr\/\",\"name\":\"Studio Le Corps Pensant\",\"description\":\"yoga au sol &amp; a\u00e9rien\",\"publisher\":{\"@id\":\"https:\/\/studiolecorpspensant.fr\/#organization\"},\"potentialAction\":[{\"@type\":\"SearchAction\",\"target\":{\"@type\":\"EntryPoint\",\"urlTemplate\":\"https:\/\/studiolecorpspensant.fr\/?s={search_term_string}\"},\"query-input\":{\"@type\":\"PropertyValueSpecification\",\"valueRequired\":true,\"valueName\":\"search_term_string\"}}],\"inLanguage\":\"fr-FR\"},{\"@type\":\"Organization\",\"@id\":\"https:\/\/studiolecorpspensant.fr\/#organization\",\"name\":\"Studio Le Corps Pensant\",\"url\":\"https:\/\/studiolecorpspensant.fr\/\",\"logo\":{\"@type\":\"ImageObject\",\"inLanguage\":\"fr-FR\",\"@id\":\"https:\/\/studiolecorpspensant.fr\/#\/schema\/logo\/image\/\",\"url\":\"https:\/\/studiolecorpspensant.fr\/wp-content\/uploads\/2026\/02\/Studio-Le-Corps-Pensant-1.png\",\"contentUrl\":\"https:\/\/studiolecorpspensant.fr\/wp-content\/uploads\/2026\/02\/Studio-Le-Corps-Pensant-1.png\",\"width\":884,\"height\":1250,\"caption\":\"Studio Le Corps Pensant\"},\"image\":{\"@id\":\"https:\/\/studiolecorpspensant.fr\/#\/schema\/logo\/image\/\"}}]}<\/script>\n<!-- \/ Yoast SEO plugin. -->","yoast_head_json":{"title":"Accueil - Studio Le Corps Pensant","robots":{"index":"index","follow":"follow","max-snippet":"max-snippet:-1","max-image-preview":"max-image-preview:large","max-video-preview":"max-video-preview:-1"},"canonical":"https:\/\/studiolecorpspensant.fr\/","og_locale":"fr_FR","og_type":"article","og_title":"Accueil - Studio Le Corps Pensant","og_description":"Studio Le corps pensant \u00c9cole de yoga et de yoga a\u00e9rien Pr\u00e9sentation de l&rsquo;\u00e9cole J\u2019ai cr\u00e9\u00e9 le Studio Le Corps Pensant pour celles et ceux qui se sont d\u00e9j\u00e0 dit : \u00ab le yoga, ce n\u2019est pas pour moi \u00bb. Mon approche n\u2019est ni \u00e9sot\u00e9rique ni d\u00e9connect\u00e9e du r\u00e9el : je propose un yoga clair, [&hellip;]","og_url":"https:\/\/studiolecorpspensant.fr\/","og_site_name":"Studio Le Corps Pensant","article_modified_time":"2026-02-21T15:13:19+00:00","og_image":[{"url":"https:\/\/studiolecorpspensant.fr\/wp-content\/uploads\/2026\/02\/Studio-Le-Corps-Pensant-1-1-724x1024.png","type":"","width":"","height":""}],"twitter_card":"summary_large_image","twitter_misc":{"Dur\u00e9e de lecture estim\u00e9e":"2 minutes"},"schema":{"@context":"https:\/\/schema.org","@graph":[{"@type":"WebPage","@id":"https:\/\/studiolecorpspensant.fr\/","url":"https:\/\/studiolecorpspensant.fr\/","name":"Accueil - Studio Le Corps Pensant","isPartOf":{"@id":"https:\/\/studiolecorpspensant.fr\/#website"},"primaryImageOfPage":{"@id":"https:\/\/studiolecorpspensant.fr\/#primaryimage"},"image":{"@id":"https:\/\/studiolecorpspensant.fr\/#primaryimage"},"thumbnailUrl":"https:\/\/studiolecorpspensant.fr\/wp-content\/uploads\/2026\/02\/Studio-Le-Corps-Pensant-1-1-724x1024.png","datePublished":"2026-02-13T14:39:33+00:00","dateModified":"2026-02-21T15:13:19+00:00","breadcrumb":{"@id":"https:\/\/studiolecorpspensant.fr\/#breadcrumb"},"inLanguage":"fr-FR","potentialAction":[{"@type":"ReadAction","target":["https:\/\/studiolecorpspensant.fr\/"]}]},{"@type":"ImageObject","inLanguage":"fr-FR","@id":"https:\/\/studiolecorpspensant.fr\/#primaryimage","url":"https:\/\/studiolecorpspensant.fr\/wp-content\/uploads\/2026\/02\/Studio-Le-Corps-Pensant-1-1.png","contentUrl":"https:\/\/studiolecorpspensant.fr\/wp-content\/uploads\/2026\/02\/Studio-Le-Corps-Pensant-1-1.png","width":1414,"height":2000},{"@type":"BreadcrumbList","@id":"https:\/\/studiolecorpspensant.fr\/#breadcrumb","itemListElement":[{"@type":"ListItem","position":1,"name":"Accueil","item":"https:\/\/studiolecorpspensant.fr\/"},{"@type":"ListItem","position":2,"name":"Accueil"}]},{"@type":"WebSite","@id":"https:\/\/studiolecorpspensant.fr\/#website","url":"https:\/\/studiolecorpspensant.fr\/","name":"Studio Le Corps Pensant","description":"yoga au sol &amp; a\u00e9rien","publisher":{"@id":"https:\/\/studiolecorpspensant.fr\/#organization"},"potentialAction":[{"@type":"SearchAction","target":{"@type":"EntryPoint","urlTemplate":"https:\/\/studiolecorpspensant.fr\/?s={search_term_string}"},"query-input":{"@type":"PropertyValueSpecification","valueRequired":true,"valueName":"search_term_string"}}],"inLanguage":"fr-FR"},{"@type":"Organization","@id":"https:\/\/studiolecorpspensant.fr\/#organization","name":"Studio Le Corps Pensant","url":"https:\/\/studiolecorpspensant.fr\/","logo":{"@type":"ImageObject","inLanguage":"fr-FR","@id":"https:\/\/studiolecorpspensant.fr\/#\/schema\/logo\/image\/","url":"https:\/\/studiolecorpspensant.fr\/wp-content\/uploads\/2026\/02\/Studio-Le-Corps-Pensant-1.png","contentUrl":"https:\/\/studiolecorpspensant.fr\/wp-content\/uploads\/2026\/02\/Studio-Le-Corps-Pensant-1.png","width":884,"height":1250,"caption":"Studio Le Corps Pensant"},"image":{"@id":"https:\/\/studiolecorpspensant.fr\/#\/schema\/logo\/image\/"}}]}},"_links":{"self":[{"href":"https:\/\/studiolecorpspensant.fr\/index.php\/wp-json\/wp\/v2\/pages\/18","targetHints":{"allow":["GET"]}}],"collection":[{"href":"https:\/\/studiolecorpspensant.fr\/index.php\/wp-json\/wp\/v2\/pages"}],"about":[{"href":"https:\/\/studiolecorpspensant.fr\/index.php\/wp-json\/wp\/v2\/types\/page"}],"author":[{"embeddable":true,"href":"https:\/\/studiolecorpspensant.fr\/index.php\/wp-json\/wp\/v2\/users\/1"}],"replies":[{"embeddable":true,"href":"https:\/\/studiolecorpspensant.fr\/index.php\/wp-json\/wp\/v2\/comments?post=18"}],"version-history":[{"count":38,"href":"https:\/\/studiolecorpspensant.fr\/index.php\/wp-json\/wp\/v2\/pages\/18\/revisions"}],"predecessor-version":[{"id":74,"href":"https:\/\/studiolecorpspensant.fr\/index.php\/wp-json\/wp\/v2\/pages\/18\/revisions\/74"}],"wp:attachment":[{"href":"https:\/\/studiolecorpspensant.fr\/index.php\/wp-json\/wp\/v2\/media?parent=18"}],"curies":[{"name":"wp","href":"https:\/\/api.w.org\/{rel}","templated":true}]}}